{"id":5,"date":"2017-02-17T11:59:57","date_gmt":"2017-02-17T11:59:57","guid":{"rendered":"http:\/\/viitnapuhkekeskus.ee\/?page_id=5"},"modified":"2017-03-08T15:46:14","modified_gmt":"2017-03-08T13:46:14","slug":"home","status":"publish","type":"page","link":"https:\/\/www.viitnapuhkekeskus.ee\/","title":{"rendered":"Avaleht"},"content":{"rendered":"<p style=\"text-align: left;\">Asume\u00a0 P\u00f5hja &#8211; Eestis, Tallinn-Narva maantee \u00e4\u00e4res (74 km Tallinnast).<\/p>\n<p style=\"text-align: left;\">Asume looduskaunis kohas m\u00e4ndide all Linaj\u00e4rve \u00e4\u00e4res Viitnal. Klientide k\u00e4sutuses on saunad talvel j\u00e4\u00e4auk ning saunas v\u00f5ib vihelda, kaminasaalid, palliplats, matkarajad, j\u00e4rv.<\/p>\n<p style=\"text-align: left;\">Kui otsite kohta, kus loodust nautida, saunas k\u00e4ia, v\u00e4rsket \u00f5hku hingata, linnulaulu kuulata ja veeta aega kaunis looduses \u2013 tulge siia.<\/p>\n<div>\n<h4>Viitna m\u00e4ndide kohin<\/h4>\n<h4>ja sambliku vaikne sosin<\/h4>\n<h4>ikka kutsuvad meid siia,<\/h4>\n<\/div>\n<h4>et saaks r\u00f5\u00f5mu koju viia.<\/h4>\n<p>&nbsp;<\/p>\n<div>\n<h3 class=\"O\">Suurep\u00e4rane loodus, v\u00e4rske \u00f5hk ja soe saun \u2013 loovad veelgi suurep\u00e4rasema puhkusemeeleolu.<\/h3>\n<\/div>\n<p><strong>Tere tulemast!<\/strong><\/p>\n","protected":false},"excerpt":{"rendered":"<p>Asume\u00a0 P\u00f5hja &#8211; Eestis, Tallinn-Narva maantee \u00e4\u00e4res (74 km Tallinnast). Asume looduskaunis kohas m\u00e4ndide all Linaj\u00e4rve \u00e4\u00e4res Viitnal. Klientide k\u00e4sutuses on saunad talvel j\u00e4\u00e4auk ning saunas v\u00f5ib vihelda, kaminasaalid, palliplats, matkarajad, j\u00e4rv. Kui otsite kohta, kus loodust nautida, saunas k\u00e4ia, &hellip; <a href=\"https:\/\/www.viitnapuhkekeskus.ee\/\">J\u00e4tka lugemist <span class=\"meta-nav\">&rarr;<\/span><\/a><\/p>\n","protected":false},"author":1,"featured_media":0,"parent":0,"menu_order":0,"comment_status":"closed","ping_status":"closed","template":"","meta":{"footnotes":""},"class_list":["post-5","page","type-page","status-publish","hentry"],"_links":{"self":[{"href":"https:\/\/www.viitnapuhkekeskus.ee\/index.php?rest_route=\/wp\/v2\/pages\/5","targetHints":{"allow":["GET"]}}],"collection":[{"href":"https:\/\/www.viitnapuhkekeskus.ee\/index.php?rest_route=\/wp\/v2\/pages"}],"about":[{"href":"https:\/\/www.viitnapuhkekeskus.ee\/index.php?rest_route=\/wp\/v2\/types\/page"}],"author":[{"embeddable":true,"href":"https:\/\/www.viitnapuhkekeskus.ee\/index.php?rest_route=\/wp\/v2\/users\/1"}],"replies":[{"embeddable":true,"href":"https:\/\/www.viitnapuhkekeskus.ee\/index.php?rest_route=%2Fwp%2Fv2%2Fcomments&post=5"}],"version-history":[{"count":5,"href":"https:\/\/www.viitnapuhkekeskus.ee\/index.php?rest_route=\/wp\/v2\/pages\/5\/revisions"}],"predecessor-version":[{"id":110,"href":"https:\/\/www.viitnapuhkekeskus.ee\/index.php?rest_route=\/wp\/v2\/pages\/5\/revisions\/110"}],"wp:attachment":[{"href":"https:\/\/www.viitnapuhkekeskus.ee\/index.php?rest_route=%2Fwp%2Fv2%2Fmedia&parent=5"}],"curies":[{"name":"wp","href":"https:\/\/api.w.org\/{rel}","templated":true}]}}