{"id":73,"date":"2017-02-19T16:59:25","date_gmt":"2017-02-19T16:59:25","guid":{"rendered":"http:\/\/viitnapuhkekeskus.ee\/?page_id=73"},"modified":"2022-07-21T14:13:56","modified_gmt":"2022-07-21T11:13:56","slug":"galerii","status":"publish","type":"page","link":"https:\/\/www.viitnapuhkekeskus.ee\/?page_id=73","title":{"rendered":"Galerii"},"content":{"rendered":"<p><img loading=\"lazy\" decoding=\"async\" class=\"alignnone size-medium wp-image-170\" src=\"http:\/\/viitnapuhkekeskus.ee\/wp-content\/uploads\/2017\/02\/20191024_162217-300x225.jpg\" alt=\"\" width=\"300\" height=\"225\" srcset=\"https:\/\/www.viitnapuhkekeskus.ee\/wp-content\/uploads\/2017\/02\/20191024_162217-300x225.jpg 300w, https:\/\/www.viitnapuhkekeskus.ee\/wp-content\/uploads\/2017\/02\/20191024_162217-768x576.jpg 768w, https:\/\/www.viitnapuhkekeskus.ee\/wp-content\/uploads\/2017\/02\/20191024_162217-1024x768.jpg 1024w\" sizes=\"auto, (max-width: 300px) 100vw, 300px\" \/><img loading=\"lazy\" decoding=\"async\" class=\"alignnone size-medium wp-image-171\" src=\"http:\/\/viitnapuhkekeskus.ee\/wp-content\/uploads\/2017\/02\/20191024_162419-300x225.jpg\" alt=\"\" width=\"300\" height=\"225\" srcset=\"https:\/\/www.viitnapuhkekeskus.ee\/wp-content\/uploads\/2017\/02\/20191024_162419-300x225.jpg 300w, https:\/\/www.viitnapuhkekeskus.ee\/wp-content\/uploads\/2017\/02\/20191024_162419-768x576.jpg 768w, https:\/\/www.viitnapuhkekeskus.ee\/wp-content\/uploads\/2017\/02\/20191024_162419-1024x768.jpg 1024w\" sizes=\"auto, (max-width: 300px) 100vw, 300px\" \/><img loading=\"lazy\" decoding=\"async\" class=\"alignnone size-medium wp-image-75\" src=\"http:\/\/viitnapuhkekeskus.ee\/wp-content\/uploads\/2017\/02\/d-maja-300x200.jpg\" alt=\"\" width=\"300\" height=\"200\" srcset=\"https:\/\/www.viitnapuhkekeskus.ee\/wp-content\/uploads\/2017\/02\/d-maja-300x200.jpg 300w, https:\/\/www.viitnapuhkekeskus.ee\/wp-content\/uploads\/2017\/02\/d-maja-768x512.jpg 768w, https:\/\/www.viitnapuhkekeskus.ee\/wp-content\/uploads\/2017\/02\/d-maja-1024x683.jpg 1024w\" sizes=\"auto, (max-width: 300px) 100vw, 300px\" \/><img loading=\"lazy\" decoding=\"async\" class=\"alignnone size-medium wp-image-85\" src=\"http:\/\/viitnapuhkekeskus.ee\/wp-content\/uploads\/2017\/02\/suur-saun-j\u00e4rvelt-talvel-1-300x200.jpg\" alt=\"\" width=\"300\" height=\"200\" srcset=\"https:\/\/www.viitnapuhkekeskus.ee\/wp-content\/uploads\/2017\/02\/suur-saun-j\u00e4rvelt-talvel-1-300x200.jpg 300w, https:\/\/www.viitnapuhkekeskus.ee\/wp-content\/uploads\/2017\/02\/suur-saun-j\u00e4rvelt-talvel-1-768x512.jpg 768w, https:\/\/www.viitnapuhkekeskus.ee\/wp-content\/uploads\/2017\/02\/suur-saun-j\u00e4rvelt-talvel-1-1024x683.jpg 1024w\" sizes=\"auto, (max-width: 300px) 100vw, 300px\" \/><img loading=\"lazy\" decoding=\"async\" class=\"alignnone size-medium wp-image-80\" src=\"http:\/\/viitnapuhkekeskus.ee\/wp-content\/uploads\/2017\/02\/suur-saun-talvel-300x200.jpg\" alt=\"\" width=\"300\" height=\"200\" srcset=\"https:\/\/www.viitnapuhkekeskus.ee\/wp-content\/uploads\/2017\/02\/suur-saun-talvel-300x200.jpg 300w, https:\/\/www.viitnapuhkekeskus.ee\/wp-content\/uploads\/2017\/02\/suur-saun-talvel-768x512.jpg 768w, https:\/\/www.viitnapuhkekeskus.ee\/wp-content\/uploads\/2017\/02\/suur-saun-talvel-1024x683.jpg 1024w\" sizes=\"auto, (max-width: 300px) 100vw, 300px\" \/><\/p>\n<p><img loading=\"lazy\" decoding=\"async\" class=\"size-medium wp-image-82 alignright\" src=\"http:\/\/viitnapuhkekeskus.ee\/wp-content\/uploads\/2017\/02\/suur-saunamaja-300x225.jpg\" alt=\"\" width=\"300\" height=\"225\" srcset=\"https:\/\/www.viitnapuhkekeskus.ee\/wp-content\/uploads\/2017\/02\/suur-saunamaja-300x225.jpg 300w, https:\/\/www.viitnapuhkekeskus.ee\/wp-content\/uploads\/2017\/02\/suur-saunamaja.jpg 640w\" sizes=\"auto, (max-width: 300px) 100vw, 300px\" \/><\/p>\n<p><img loading=\"lazy\" decoding=\"async\" class=\"alignnone size-medium wp-image-78\" src=\"http:\/\/viitnapuhkekeskus.ee\/wp-content\/uploads\/2017\/02\/suur-saun-jataga-c-maja-300x200.jpg\" alt=\"\" width=\"300\" height=\"200\" srcset=\"https:\/\/www.viitnapuhkekeskus.ee\/wp-content\/uploads\/2017\/02\/suur-saun-jataga-c-maja-300x200.jpg 300w, https:\/\/www.viitnapuhkekeskus.ee\/wp-content\/uploads\/2017\/02\/suur-saun-jataga-c-maja-768x512.jpg 768w, https:\/\/www.viitnapuhkekeskus.ee\/wp-content\/uploads\/2017\/02\/suur-saun-jataga-c-maja-1024x683.jpg 1024w\" sizes=\"auto, (max-width: 300px) 100vw, 300px\" \/><\/p>\n\n\n<figure class=\"wp-block-image size-large\"><img loading=\"lazy\" decoding=\"async\" width=\"1024\" height=\"768\" src=\"http:\/\/viitnapuhkekeskus.ee\/wp-content\/uploads\/2021\/01\/al.-saal-vaskult-1024x768.jpg\" alt=\"\" class=\"wp-image-190\" srcset=\"https:\/\/www.viitnapuhkekeskus.ee\/wp-content\/uploads\/2021\/01\/al.-saal-vaskult-1024x768.jpg 1024w, https:\/\/www.viitnapuhkekeskus.ee\/wp-content\/uploads\/2021\/01\/al.-saal-vaskult-300x225.jpg 300w, https:\/\/www.viitnapuhkekeskus.ee\/wp-content\/uploads\/2021\/01\/al.-saal-vaskult-768x576.jpg 768w, https:\/\/www.viitnapuhkekeskus.ee\/wp-content\/uploads\/2021\/01\/al.-saal-vaskult-1536x1152.jpg 1536w, https:\/\/www.viitnapuhkekeskus.ee\/wp-content\/uploads\/2021\/01\/al.-saal-vaskult-2048x1536.jpg 2048w\" sizes=\"auto, (max-width: 1024px) 100vw, 1024px\" \/><figcaption>Suur saunamaja alumine kaminasaal <\/figcaption><\/figure>\n\n\n\n<figure class=\"wp-block-image size-large\"><img loading=\"lazy\" decoding=\"async\" width=\"1024\" height=\"768\" src=\"http:\/\/viitnapuhkekeskus.ee\/wp-content\/uploads\/2021\/01\/al.saal_-1024x768.jpg\" alt=\"\" class=\"wp-image-191\" srcset=\"https:\/\/www.viitnapuhkekeskus.ee\/wp-content\/uploads\/2021\/01\/al.saal_-1024x768.jpg 1024w, https:\/\/www.viitnapuhkekeskus.ee\/wp-content\/uploads\/2021\/01\/al.saal_-300x225.jpg 300w, https:\/\/www.viitnapuhkekeskus.ee\/wp-content\/uploads\/2021\/01\/al.saal_-768x576.jpg 768w, https:\/\/www.viitnapuhkekeskus.ee\/wp-content\/uploads\/2021\/01\/al.saal_-1536x1152.jpg 1536w, https:\/\/www.viitnapuhkekeskus.ee\/wp-content\/uploads\/2021\/01\/al.saal_-2048x1536.jpg 2048w\" sizes=\"auto, (max-width: 1024px) 100vw, 1024px\" \/><figcaption>Suur saunamaja alumine kaminasaal<\/figcaption><\/figure>\n\n\n\n<figure class=\"wp-block-image size-large\"><img loading=\"lazy\" decoding=\"async\" width=\"1024\" height=\"768\" src=\"http:\/\/viitnapuhkekeskus.ee\/wp-content\/uploads\/2021\/01\/\u00fcl.-saal-paremalt-1024x768.jpg\" alt=\"\" class=\"wp-image-193\" srcset=\"https:\/\/www.viitnapuhkekeskus.ee\/wp-content\/uploads\/2021\/01\/\u00fcl.-saal-paremalt-1024x768.jpg 1024w, https:\/\/www.viitnapuhkekeskus.ee\/wp-content\/uploads\/2021\/01\/\u00fcl.-saal-paremalt-300x225.jpg 300w, https:\/\/www.viitnapuhkekeskus.ee\/wp-content\/uploads\/2021\/01\/\u00fcl.-saal-paremalt-768x576.jpg 768w, https:\/\/www.viitnapuhkekeskus.ee\/wp-content\/uploads\/2021\/01\/\u00fcl.-saal-paremalt-1536x1152.jpg 1536w, https:\/\/www.viitnapuhkekeskus.ee\/wp-content\/uploads\/2021\/01\/\u00fcl.-saal-paremalt-2048x1536.jpg 2048w\" sizes=\"auto, (max-width: 1024px) 100vw, 1024px\" \/><figcaption>Suur saunamaja \u00fclemine kaminasaal<\/figcaption><\/figure>\n\n\n\n<figure class=\"wp-block-image size-large\"><img loading=\"lazy\" decoding=\"async\" width=\"1024\" height=\"768\" src=\"http:\/\/viitnapuhkekeskus.ee\/wp-content\/uploads\/2021\/01\/\u00fcl.saal-paremalt-baarileti-\u00e4\u00e4rest-pild.-1024x768.jpg\" alt=\"\" class=\"wp-image-194\" srcset=\"https:\/\/www.viitnapuhkekeskus.ee\/wp-content\/uploads\/2021\/01\/\u00fcl.saal-paremalt-baarileti-\u00e4\u00e4rest-pild.-1024x768.jpg 1024w, https:\/\/www.viitnapuhkekeskus.ee\/wp-content\/uploads\/2021\/01\/\u00fcl.saal-paremalt-baarileti-\u00e4\u00e4rest-pild.-300x225.jpg 300w, https:\/\/www.viitnapuhkekeskus.ee\/wp-content\/uploads\/2021\/01\/\u00fcl.saal-paremalt-baarileti-\u00e4\u00e4rest-pild.-768x576.jpg 768w, https:\/\/www.viitnapuhkekeskus.ee\/wp-content\/uploads\/2021\/01\/\u00fcl.saal-paremalt-baarileti-\u00e4\u00e4rest-pild.-1536x1152.jpg 1536w, https:\/\/www.viitnapuhkekeskus.ee\/wp-content\/uploads\/2021\/01\/\u00fcl.saal-paremalt-baarileti-\u00e4\u00e4rest-pild.-2048x1536.jpg 2048w\" sizes=\"auto, (max-width: 1024px) 100vw, 1024px\" \/><figcaption>Suur saunamaja \u00fclemine kaminasaal<\/figcaption><\/figure>\n\n\n\n<figure class=\"wp-block-image size-large\"><img loading=\"lazy\" decoding=\"async\" width=\"1024\" height=\"574\" src=\"http:\/\/viitnapuhkekeskus.ee\/wp-content\/uploads\/2021\/01\/20210129_192543-1024x574.jpg\" alt=\"\" class=\"wp-image-196\" srcset=\"https:\/\/www.viitnapuhkekeskus.ee\/wp-content\/uploads\/2021\/01\/20210129_192543-1024x574.jpg 1024w, https:\/\/www.viitnapuhkekeskus.ee\/wp-content\/uploads\/2021\/01\/20210129_192543-300x168.jpg 300w, https:\/\/www.viitnapuhkekeskus.ee\/wp-content\/uploads\/2021\/01\/20210129_192543-768x431.jpg 768w, https:\/\/www.viitnapuhkekeskus.ee\/wp-content\/uploads\/2021\/01\/20210129_192543-1536x862.jpg 1536w, https:\/\/www.viitnapuhkekeskus.ee\/wp-content\/uploads\/2021\/01\/20210129_192543-2048x1149.jpg 2048w\" sizes=\"auto, (max-width: 1024px) 100vw, 1024px\" \/><figcaption>Suur saunamaja <\/figcaption><\/figure>\n\n\n\n<figure class=\"wp-block-image size-large\"><img loading=\"lazy\" decoding=\"async\" width=\"1024\" height=\"563\" src=\"http:\/\/viitnapuhkekeskus.ee\/wp-content\/uploads\/2021\/01\/20210129_192518-1024x563.jpg\" alt=\"\" class=\"wp-image-197\" srcset=\"https:\/\/www.viitnapuhkekeskus.ee\/wp-content\/uploads\/2021\/01\/20210129_192518-1024x563.jpg 1024w, https:\/\/www.viitnapuhkekeskus.ee\/wp-content\/uploads\/2021\/01\/20210129_192518-300x165.jpg 300w, https:\/\/www.viitnapuhkekeskus.ee\/wp-content\/uploads\/2021\/01\/20210129_192518-768x422.jpg 768w, https:\/\/www.viitnapuhkekeskus.ee\/wp-content\/uploads\/2021\/01\/20210129_192518-1536x845.jpg 1536w, https:\/\/www.viitnapuhkekeskus.ee\/wp-content\/uploads\/2021\/01\/20210129_192518-2048x1126.jpg 2048w\" sizes=\"auto, (max-width: 1024px) 100vw, 1024px\" \/><figcaption>Lumine Viitna Linaj\u00e4rv<\/figcaption><\/figure>\n","protected":false},"excerpt":{"rendered":"","protected":false},"author":1,"featured_media":0,"parent":0,"menu_order":0,"comment_status":"closed","ping_status":"closed","template":"","meta":{"footnotes":""},"class_list":["post-73","page","type-page","status-publish","hentry"],"_links":{"self":[{"href":"https:\/\/www.viitnapuhkekeskus.ee\/index.php?rest_route=\/wp\/v2\/pages\/73","targetHints":{"allow":["GET"]}}],"collection":[{"href":"https:\/\/www.viitnapuhkekeskus.ee\/index.php?rest_route=\/wp\/v2\/pages"}],"about":[{"href":"https:\/\/www.viitnapuhkekeskus.ee\/index.php?rest_route=\/wp\/v2\/types\/page"}],"author":[{"embeddable":true,"href":"https:\/\/www.viitnapuhkekeskus.ee\/index.php?rest_route=\/wp\/v2\/users\/1"}],"replies":[{"embeddable":true,"href":"https:\/\/www.viitnapuhkekeskus.ee\/index.php?rest_route=%2Fwp%2Fv2%2Fcomments&post=73"}],"version-history":[{"count":5,"href":"https:\/\/www.viitnapuhkekeskus.ee\/index.php?rest_route=\/wp\/v2\/pages\/73\/revisions"}],"predecessor-version":[{"id":256,"href":"https:\/\/www.viitnapuhkekeskus.ee\/index.php?rest_route=\/wp\/v2\/pages\/73\/revisions\/256"}],"wp:attachment":[{"href":"https:\/\/www.viitnapuhkekeskus.ee\/index.php?rest_route=%2Fwp%2Fv2%2Fmedia&parent=73"}],"curies":[{"name":"wp","href":"https:\/\/api.w.org\/{rel}","templated":true}]}}